{"id":12,"date":"2014-03-04T15:48:21","date_gmt":"2014-03-04T15:48:21","guid":{"rendered":"http:\/\/i2.information-innovation.de\/?page_id=12"},"modified":"2022-06-27T16:24:05","modified_gmt":"2022-06-27T16:24:05","slug":"profil","status":"publish","type":"page","link":"https:\/\/i2.information-innovation.de\/?page_id=12","title":{"rendered":"Profil &#8230;"},"content":{"rendered":"<p>Meine freiberufliche T\u00e4tigkeit wurde 1992 gestartet. Mittlerweile werde ich durch weitere Mitarbeiter unterst\u00fctzt und verst\u00e4rke mich durch Kooperationen mit befreundeten Unternehmen und freien Mitarbeitern.<br \/>Das Ziel ist, Ihnen die bestm\u00f6gliche Kompetenz f\u00fcr Ihre Probleml\u00f6sung zu bieten und Ihnen mit Rat und Tat f\u00fcr Ihren maximalen Erfolg zur Seite zu stehen.<\/p>\n<table width=\"807\">\n<tbody>\n<tr>\n<td width=\"247\"><strong>Link\u00a0\u00a0<\/strong><\/td>\n<td width=\"220\"><strong>Themenschwerpunkt<\/strong><\/td>\n<td width=\"331\"><strong>Inhalt<\/strong><\/td>\n<\/tr>\n<tr>\n<td width=\"247\">\n<p><a href=\"https:\/\/i2.information-innovation.de\/?page_id=64\"><img loading=\"lazy\" decoding=\"async\" class=\"alignnone wp-image-485\" src=\"https:\/\/i2.information-innovation.de\/wp-content\/uploads\/2022\/05\/Ingolf-Icon.png\" alt=\"\" width=\"151\" height=\"126\" srcset=\"https:\/\/i2.information-innovation.de\/wp-content\/uploads\/2022\/05\/Ingolf-Icon.png 600w, https:\/\/i2.information-innovation.de\/wp-content\/uploads\/2022\/05\/Ingolf-Icon-300x251.png 300w\" sizes=\"(max-width: 151px) 100vw, 151px\" \/><\/a><\/p>\n<\/td>\n<td width=\"220\"><a href=\"https:\/\/i2.information-innovation.de\/?page_id=64\"><strong>Auf einen Blick<\/strong><\/a><\/td>\n<td width=\"331\">Kurzdarstellung mit Lebenslauf und Themengebieten\u00a0&#8230;<\/td>\n<\/tr>\n<tr>\n<td width=\"247\">\n<p><strong><a href=\"https:\/\/i2.information-innovation.de\/?page_id=26\"><img loading=\"lazy\" decoding=\"async\" class=\"alignleft wp-image-212 size-full\" src=\"https:\/\/i2.information-innovation.de\/wp-content\/uploads\/2017\/01\/gulp001_152.jpg\" alt=\"\" width=\"150\" height=\"100\" \/><\/a><\/strong><\/p>\n<\/td>\n<td width=\"220\"><a href=\"https:\/\/i2.information-innovation.de\/?page_id=26\"><strong>\u00dcber<\/strong><\/a><\/td>\n<td width=\"331\">Wie alles begann &#8230;<\/td>\n<\/tr>\n<tr>\n<td width=\"247\">\n<p><a href=\"https:\/\/www.gulp.de\/Profil\/IngolfSeidel.html\"><img loading=\"lazy\" decoding=\"async\" class=\"alignleft wp-image-359 size-full\" src=\"https:\/\/i2.information-innovation.de\/wp-content\/uploads\/2014\/03\/gulpLogo_kl.png\" alt=\"\" width=\"100\" height=\"50\" \/><\/a><\/p>\n<\/td>\n<td width=\"220\"><a href=\"https:\/\/www.gulp.de\/Profil\/IngolfSeidel.html\"><strong>GULP<\/strong><\/a><\/td>\n<td width=\"331\">Kontakt \u00fcber GULP (ID 76096)&#8230;<\/td>\n<\/tr>\n<tr>\n<td width=\"247\">\n<p><a href=\"https:\/\/www.freelance.de\/Freiberufler\/13559\"><img loading=\"lazy\" decoding=\"async\" class=\"alignleft wp-image-358 size-full\" src=\"https:\/\/i2.information-innovation.de\/wp-content\/uploads\/2014\/03\/Freelance-Logo.png\" alt=\"\" width=\"78\" height=\"75\" \/><\/a><\/p>\n<\/td>\n<td width=\"220\"><a href=\"https:\/\/www.freelance.de\/Freiberufler\/13559\"><strong>Freelance.de<\/strong><\/a><\/td>\n<td width=\"331\">Kontakt \u00fcber Freelance.de (ID 13559) &#8230;<\/td>\n<\/tr>\n<tr>\n<td width=\"247\">\n<p><a href=\"https:\/\/www.xing.com\/profile\/Ingolf_Seidel\"><img loading=\"lazy\" decoding=\"async\" class=\"alignleft wp-image-357 size-full\" src=\"https:\/\/i2.information-innovation.de\/wp-content\/uploads\/2014\/03\/1_de_btn.gif\" alt=\"\" width=\"85\" height=\"23\" srcset=\"https:\/\/i2.information-innovation.de\/wp-content\/uploads\/2014\/03\/1_de_btn.gif 85w, https:\/\/i2.information-innovation.de\/wp-content\/uploads\/2014\/03\/1_de_btn-80x23.gif 80w\" sizes=\"(max-width: 85px) 100vw, 85px\" \/><\/a><\/p>\n<\/td>\n<td width=\"220\"><strong><a href=\"https:\/\/www.xing.com\/profile\/Ingolf_Seidel\">Xing<\/a><\/strong><\/td>\n<td width=\"331\">Kontakt \u00fcber Xing &#8230;<\/td>\n<\/tr>\n<tr>\n<td width=\"247\">\n<p><a href=\"https:\/\/www.linkedin.com\/in\/ingolf-seidel-608a7414a\/\"><img loading=\"lazy\" decoding=\"async\" class=\"alignnone wp-image-465 size-full\" src=\"https:\/\/i2.information-innovation.de\/wp-content\/uploads\/2021\/08\/Linkedin-1.png\" alt=\"\" width=\"103\" height=\"88\" \/><\/a><\/p>\n<\/td>\n<td width=\"220\"><strong><a href=\"https:\/\/www.linkedin.com\/in\/ingolf-seidel-608a7414a\/\">Linkedin<\/a><\/strong><\/td>\n<td width=\"331\">Kontakt \u00fcber Linkedin \u2026<\/td>\n<\/tr>\n<\/tbody>\n<\/table>\n<div>\u00a0<\/div>\n<div class=\"teaserelement\">\u00a0<\/div>\n<div>\u00a0<\/div>\n<div>\u00a0<\/div>\n<div>\u00a0<\/div>\n<div>\u00a0<\/div>\n\n\n<p><\/p>\n","protected":false},"excerpt":{"rendered":"<p>Meine freiberufliche T\u00e4tigkeit wurde 1992 gestartet. Mittlerweile werde ich durch weitere Mitarbeiter unterst\u00fctzt und verst\u00e4rke mich durch Kooperationen mit befreundeten Unternehmen und freien Mitarbeitern.Das Ziel ist, Ihnen die bestm\u00f6gliche Kompetenz f\u00fcr Ihre Probleml\u00f6sung zu bieten und Ihnen mit Rat und Tat f\u00fcr Ihren maximalen Erfolg zur Seite zu stehen. Link\u00a0\u00a0 Themenschwerpunkt Inhalt Auf einen Blick&#8230;<\/p>\n","protected":false},"author":1,"featured_media":0,"parent":39,"menu_order":0,"comment_status":"open","ping_status":"closed","template":"","meta":{"footnotes":""},"aioseo_notices":[],"jetpack_sharing_enabled":true,"_links":{"self":[{"href":"https:\/\/i2.information-innovation.de\/index.php?rest_route=\/wp\/v2\/pages\/12"}],"collection":[{"href":"https:\/\/i2.information-innovation.de\/index.php?rest_route=\/wp\/v2\/pages"}],"about":[{"href":"https:\/\/i2.information-innovation.de\/index.php?rest_route=\/wp\/v2\/types\/page"}],"author":[{"embeddable":true,"href":"https:\/\/i2.information-innovation.de\/index.php?rest_route=\/wp\/v2\/users\/1"}],"replies":[{"embeddable":true,"href":"https:\/\/i2.information-innovation.de\/index.php?rest_route=%2Fwp%2Fv2%2Fcomments&post=12"}],"version-history":[{"count":28,"href":"https:\/\/i2.information-innovation.de\/index.php?rest_route=\/wp\/v2\/pages\/12\/revisions"}],"predecessor-version":[{"id":491,"href":"https:\/\/i2.information-innovation.de\/index.php?rest_route=\/wp\/v2\/pages\/12\/revisions\/491"}],"up":[{"embeddable":true,"href":"https:\/\/i2.information-innovation.de\/index.php?rest_route=\/wp\/v2\/pages\/39"}],"wp:attachment":[{"href":"https:\/\/i2.information-innovation.de\/index.php?rest_route=%2Fwp%2Fv2%2Fmedia&parent=12"}],"curies":[{"name":"wp","href":"https:\/\/api.w.org\/{rel}","templated":true}]}}