{"id":158,"date":"2017-01-22T17:59:09","date_gmt":"2017-01-22T17:59:09","guid":{"rendered":"http:\/\/i2.information-innovation.de\/?page_id=158"},"modified":"2021-08-15T14:35:27","modified_gmt":"2021-08-15T14:35:27","slug":"beratung-konzeption","status":"publish","type":"page","link":"https:\/\/i2.information-innovation.de\/?page_id=158","title":{"rendered":"Beratung &#038; Konzeption"},"content":{"rendered":"\n<div class=\"wp-block-image\"><figure class=\"alignright\"><img loading=\"lazy\" decoding=\"async\" width=\"150\" height=\"100\" src=\"https:\/\/i2.information-innovation.de\/wp-content\/uploads\/2017\/01\/concept00301table34.jpg\" alt=\"\" class=\"wp-image-191\"\/><\/figure><\/div>\n\n\n\n<figure class=\"wp-block-table\"><table class=\"has-fixed-layout\"><tbody><tr><td><strong>Thema&nbsp;&nbsp;<\/strong><\/td><td><strong>Projektinhalt<\/strong><\/td><td><strong>Kunde \/ Zeitraum&nbsp;&nbsp;<\/strong><\/td><\/tr><tr><td><strong>Auswahl und Einf\u00fchrung eines CAD-Systems&nbsp;&nbsp;<\/strong><\/td><td>CAD-Auswahl und Einf\u00fchrung eines 2D\/3D-CAD- Systems f\u00fcr mittelst\u00e4ndische Maschinenbauunternehmen. Kundenspezifische Anpassungsprogrammierung in C und CAD- Makrosprache (HP ME10\/30).<br>Konzeption und Entwicklung eines featurebasierten Objektmodellierers.<\/td><td>Fraunhofer- Institut: 1987<\/td><\/tr><tr><td><strong>Beratung&nbsp;&nbsp;<\/strong><\/td><td>Beratung, Auswahl und Schulung von Standardsoftware und<br>branchenspezifischer Software (Klienten- und Patentverwaltung) f\u00fcr eine Patentanwaltskanzlei<\/td><td>Anwaltskanzlei: 1987\/1992- 1994<\/td><\/tr><tr><td><strong>Konzeption&nbsp;&nbsp;<\/strong><\/td><td>Konzeption eines Systems f\u00fcr die Dokumentenverwaltung des Anlagenbaus f\u00fcr ein Unternehmen der pharmazeutischen Industrie. Hierbei speziell die Untersuchung \u00fcber M\u00f6glichkeiten magneto- optischer Dokumentenarchivierung und Retrievalm\u00f6glichkeiten mit ausf\u00fchrlichen Zeit- und Kostenanalysen der \u00dcbernahme vorhandener Informationsbest\u00e4nde.<\/td><td>Fraunhofer- Institut: 1987- 1988<\/td><\/tr><tr><td><strong>Beratung, Auswahl und Einf\u00fchrung&nbsp;&nbsp;<\/strong><\/td><td>Beratung, Auswahl und Einf\u00fchrung eines Systems f\u00fcr die administrativ-logistischen Aufgaben in einem Betrieb des Elektrohandwerks.<\/td><td>Elektrohandwerk: 1991<\/td><\/tr><tr><td><strong>Machbarkeitsstudie&nbsp;&nbsp;<\/strong><\/td><td>Machbarkeitsstudie zur Einf\u00fchrung eines konzernweiten Werk- stoffinformationssystems f\u00fcr einen Automobilkonzern. F\u00fcr die erforderlichen Analysen wurden Metaplan und die Strukturierte Analyse verwendet.<\/td><td>Fraunhofer- Institut: 1991- 1992<\/td><\/tr><tr><td><strong>Projektleitung&nbsp;&nbsp;<\/strong><\/td><td>Requirements-Analysen, Konzeption und Erstellung der Fachspezifikation f\u00fcr ein System zur optimalen Austaktung der PKW- Bandmontage unter Verwendung von UML. Funktionsprototyp auf Basis von VisualSmalltalk. Erstellung der Fach- und DV- Spezifikation, sowie Projektleitung.<\/td><td>Systemhaus: 1997\/1998<\/td><\/tr><tr><td><strong>Projektleitung&nbsp;&nbsp;<\/strong><\/td><td>Requirements Analysen und Erstellung einer Fachspezifikation zur Anpassung von Standardbausteine f\u00fcr die Montageplanung eines Automobilherstellers. Einsatz von Voice- of- Customer-Tabellen und Transformation in Use Cases. Projektleitung.<\/td><td>Systemhaus: ab Ende 1998-1999<\/td><\/tr><tr><td><strong>Projektstudie&nbsp;&nbsp;<\/strong><\/td><td>Vorstudie zur Einf\u00fchrung eines Systems zur Gestaltung ergonomischer Arbeitspl\u00e4tze f\u00fcr einen Automobilhersteller. Bei Beauftragung weiterer Phasen sind weitere Phasen- T\u00e4tigkeiten und Projektleitung in Aussicht.<\/td><td>Systemhaus: 1999<\/td><\/tr><tr><td><strong>Projektstudie&nbsp;&nbsp;<\/strong><\/td><td>Studie zur Einf\u00fchrung des technischen Systemumfelds in einem ausl\u00e4ndischen Tochterunternehmen eines international t\u00e4tigen Automobilkonzerns. Leitung von Workshops, Interviews, Systemstudien und Abschlu\u00dfbericht.<\/td><td>Systemhaus: 1999<\/td><\/tr><tr><td><strong>Entwurf&nbsp;&nbsp;<\/strong><\/td><td>Erstellung einer Fachspezifikation f\u00fcr die Gestaltung eines verteilten Egonomiegestaltungssystems f\u00fcr den Automobilbereich. Verwendung von UML und SA- &nbsp;Methoden f\u00fcr DB-Design.<\/td><td>Systemhaus: 2000<\/td><\/tr><tr><td><strong>Beratung&nbsp;&nbsp;<\/strong><\/td><td>Einf\u00fchrung von Methoden des Projektmanagements f\u00fcr die Entwicklung und Produktion von Spezialkameras f\u00fcr die Filmindustrie..<\/td><td>Industriekunde: 2000<\/td><\/tr><tr><td><strong>Entwurf und Beratung&nbsp;&nbsp;<\/strong><\/td><td>Erabeitung eines Konzepts f\u00fcr die Entwicklung eines durchg\u00e4ngigen Planungssystems f\u00fcr die Fertigungsbereiche in der Automobilindustrie.<br>Durchf\u00fchrung und Dokumentation von Requirements-Analysen f\u00fcr ein Planungssystem im Montagebereich der Automobilindustrie.<br>Methodische Beratung f\u00fcr die Erstellung von Lastenheften im Ingenieurbereich. Konzeptionelle Unterst\u00fctzung und Teilprojektleitung bei der Realisierung und Verkn\u00fcpfung von Host- Schnittstellen zu einem Planungssystem.<\/td><td>Systemhaus: 2000-2001<\/td><\/tr><tr><td><strong>Projektleitung&nbsp;&nbsp;<\/strong><\/td><td>Requirements-Analysen, Grobkonzept, IV- Konzept und Projektleitung f\u00fcr die Erstellung eines Systems zur Ergonomiebewertung von Arbeitspl\u00e4tzen im Produktionsbereich eines Automobilherstellers. Analysen und Design erfolgen unter Verwendung von UML, Prototyping in Smalltalk und Java.<\/td><td>Systemhaus: 2000-2001<\/td><\/tr><tr><td><strong>Beratung und Konzeption&nbsp;&nbsp;<\/strong><\/td><td>Erarbeitung einer Grobspezifikation f\u00fcr die Planung von Logistikprozessen eines Automobilherstellers. Analyse bestehender Systemlandschaft. Aufnahme von Erweiterungsanforderungen und Dokumentation als UseCases. Bewertung und Gewichtung der Aufw\u00e4nde mit Hilfe von QFD-Matrizen. Erstellung Enddokument Grobspezifikation.<\/td><td>Systemhaus: 2009<\/td><\/tr><tr><td><strong>Beratung&nbsp;&nbsp;<\/strong><\/td><td>Beratung zum Aufbau eines Internet-Auftritts f\u00fcr eine Anwaltskanzlei in Rostock.<\/td><td>Anwaltskanzlei: 2010<\/td><\/tr><tr><td><strong>Projektleitung, Testmanagement&nbsp;&nbsp;<\/strong><\/td><td>Konzeption und Erstellung einer Grobspezifikation f\u00fcr die Umstellung eines Systems zur Logistikplanung auf versionierte Planungsobjekte. Projekt- und Budgetplanung (MS-Project, QFD-Methoden). Konzeption und Erstellung der technischen Feinspezifikation f\u00fcr die Umsetzung. Verantwortung der Umsetzungsarbeiten und Teilnahme an Projekt-Reviews. Testmanagement (Nutzung des OpenSource-Systems TRAC).<\/td><td>Systemhaus: 2009-2011<\/td><\/tr><tr><td><strong>Beratung und Konzeption&nbsp;&nbsp;<\/strong><\/td><td>Darstellung von Abh\u00e4ngigkeiten zwischen der Leit- und Steuerungstechnik und der digitalen Planung sowie der Fabrikplanung. Darstellung der aktuellen Fertigungsbereiche von Montage (B\u00e4nder und Fahrerhausinnenbau) und Lackierung. Konzepte f\u00fcr fachbereichsbezogen Anforderungen an eine Auftragsverwaltung f\u00fcr die Leittechnik als Lastenhefte. Aufzeigen von Schnittstellenproblemen und m\u00f6glichen L\u00f6sungsans\u00e4tzen.<br>F\u00fcr die Requirements-Analysen wurden UML-Elemente verwendet, die methodische Vorgehensweise durch Nutzung von MindMaps und einem Knowledgebase-System unterst\u00fctzt.<br>Die beschriebenen Konzepte wurden teilweise mit Hilfe von Smalltalk- und GUI-Prototypen und XML\/XSL-Programmen validiert.<\/td><td>Systemhaus: 2011-2012<\/td><\/tr><tr><td><strong>Beratung und Konzeption, Anforderungsanalyse, (Projektleitung)<\/strong><\/td><td>Begleitung von Workshops zur Anforderungsanalyse f\u00fcr die Neuentwicklung eines Systems f\u00fcr das werks\u00fcbergreifende Fehlermanagement bei einem Automobilhersteller. Erstellung Fachkonzept. In Planung: Erstellung DV-Konzept und Projektleitung.<\/td><td>Systemhaus: seit 2012<\/td><\/tr><tr><td>\n<p><strong>Beratung, Konzeption und Umsetzung<\/strong><\/p>\n<\/td><td>Konzeption des Internetauftritts f\u00fcr eine Rechtsanwaltskanzlei. Kl\u00e4rung der Infrastruktur, prototypische Konzeption und Umsetzung der finalen L\u00f6sung mit webToDate.<\/td><td>\n<p>Anwaltskanzlei: 2013-2014<\/p>\n<\/td><\/tr><tr><td><strong>Anforderungsanalysen, Spezifikationen, Anwenderschulungen, Schnittstelle Fachbereich-IT&nbsp;<\/strong><\/td><td>Analysen und Spezifikationen f\u00fcr ein System f\u00fcr das weltweite, werks\u00fcbergreifende Fehlermanagement bei einem Automobilhersteller. Unterst\u00fctzung Roll-Out und Anwenderschulungen. Schnittstelle zwischen Fachbereichen und IT-Entwicklerteam.<\/td><td>Systemhaus: seit 2013<\/td><\/tr><tr><td><strong>Agiles Anforderungs-management, Testmanagement, Build- und Deployment-Prozesse<\/strong><\/td><td>Anforderungsworkshops, Bau von Mockups, User Stories (Erstellung und Management), Erstellung von Testkonzepten und -pl\u00e4nen, Erstellung von Testszenarien (manuell, teil-automatisiert), Betreuung von Testworkshops, Konfiguration und Deployment von Softwareartefakten<\/td><td>Systemhaus: seit 2019<\/td><\/tr><\/tbody><\/table><\/figure>\n\n\n\n<p><\/p>\n","protected":false},"excerpt":{"rendered":"<p>Thema&nbsp;&nbsp; Projektinhalt Kunde \/ Zeitraum&nbsp;&nbsp; Auswahl und Einf\u00fchrung eines CAD-Systems&nbsp;&nbsp; CAD-Auswahl und Einf\u00fchrung eines 2D\/3D-CAD- Systems f\u00fcr mittelst\u00e4ndische Maschinenbauunternehmen. Kundenspezifische Anpassungsprogrammierung in C und CAD- Makrosprache (HP ME10\/30).Konzeption und Entwicklung eines featurebasierten Objektmodellierers. Fraunhofer- Institut: 1987 Beratung&nbsp;&nbsp; Beratung, Auswahl und Schulung von Standardsoftware undbranchenspezifischer Software (Klienten- und Patentverwaltung) f\u00fcr eine Patentanwaltskanzlei Anwaltskanzlei: 1987\/1992- 1994 Konzeption&nbsp;&nbsp;&#8230;<\/p>\n","protected":false},"author":1,"featured_media":0,"parent":0,"menu_order":0,"comment_status":"closed","ping_status":"closed","template":"","meta":{"footnotes":""},"aioseo_notices":[],"jetpack_sharing_enabled":true,"_links":{"self":[{"href":"https:\/\/i2.information-innovation.de\/index.php?rest_route=\/wp\/v2\/pages\/158"}],"collection":[{"href":"https:\/\/i2.information-innovation.de\/index.php?rest_route=\/wp\/v2\/pages"}],"about":[{"href":"https:\/\/i2.information-innovation.de\/index.php?rest_route=\/wp\/v2\/types\/page"}],"author":[{"embeddable":true,"href":"https:\/\/i2.information-innovation.de\/index.php?rest_route=\/wp\/v2\/users\/1"}],"replies":[{"embeddable":true,"href":"https:\/\/i2.information-innovation.de\/index.php?rest_route=%2Fwp%2Fv2%2Fcomments&post=158"}],"version-history":[{"count":10,"href":"https:\/\/i2.information-innovation.de\/index.php?rest_route=\/wp\/v2\/pages\/158\/revisions"}],"predecessor-version":[{"id":480,"href":"https:\/\/i2.information-innovation.de\/index.php?rest_route=\/wp\/v2\/pages\/158\/revisions\/480"}],"wp:attachment":[{"href":"https:\/\/i2.information-innovation.de\/index.php?rest_route=%2Fwp%2Fv2%2Fmedia&parent=158"}],"curies":[{"name":"wp","href":"https:\/\/api.w.org\/{rel}","templated":true}]}}