{"id":160,"date":"2017-01-22T17:59:25","date_gmt":"2017-01-22T17:59:25","guid":{"rendered":"http:\/\/i2.information-innovation.de\/?page_id=160"},"modified":"2018-06-03T12:59:21","modified_gmt":"2018-06-03T12:59:21","slug":"design-entwicklung","status":"publish","type":"page","link":"https:\/\/i2.information-innovation.de\/?page_id=160","title":{"rendered":"Design &#038; Entwicklung"},"content":{"rendered":"<p><img loading=\"lazy\" decoding=\"async\" class=\"alignright wp-image-192 size-full\" src=\"https:\/\/i2.information-innovation.de\/wp-content\/uploads\/2017\/01\/development00101table33.jpg\" alt=\"\" width=\"150\" height=\"100\" \/><\/p>\n<table width=\"590\">\n<tbody>\n<tr>\n<td width=\"133\"><strong>Bereich\u00a0\u00a0<\/strong><\/td>\n<td width=\"335\"><strong>Projektinhalt\u00a0\u00a0<\/strong><\/td>\n<td width=\"122\"><strong>Kunde \/ Zeitraum\u00a0\u00a0<\/strong><\/td>\n<\/tr>\n<tr>\n<td width=\"133\"><strong>Applikationsentwicklung\u00a0\u00a0<\/strong><\/td>\n<td width=\"335\">Entwicklung eines Systems zur Verwaltung von Kunden-, Auftrags- und Lagerdaten. Automatisierung von Vertriebsma\u00dfnahmen auf Basis von dBase f\u00fcr ein Einzelhandelsunternehmen.<\/td>\n<td width=\"122\">Einzelhandel: 1984- 1985<\/td>\n<\/tr>\n<tr>\n<td width=\"133\"><strong>Entwurf und Prototypenerstellung\u00a0\u00a0<\/strong><\/td>\n<td width=\"335\">Konzeption und Prototyp eines wissensbasierten Werkstoff- Informationssystems. Die Prototypenerstellung erfolgte mit Hilfe von C, SQL und X\/Window.<\/td>\n<td width=\"122\">Fraunhofer- Institut: 1988-1989<\/td>\n<\/tr>\n<tr>\n<td width=\"133\"><strong>Auswahl, Beratung und Entwicklung\u00a0\u00a0<\/strong><\/td>\n<td width=\"335\">Konzeption und Prototyp einer anwendungsgerechten CAD- Benutzer- \u00a0schnittstelle f\u00fcr ein 2D\/3D-CAD- System auf Workstationbasis.<br \/>\nNeugestaltung der Benutzerf\u00fchrung eines Freiformfl\u00e4chen-CAD- Systems auf Mainframe- Basis mit UNIX-Front- End.<br \/>\nKonzeption, Auswahl und Einf\u00fchrung eines CAM-Systems f\u00fcr einen Leiterplattenfertiger. Prototypische Entwicklung von Teilmodulen.<br \/>\nNach der Auswahl des CAM-Systems wurden verschiedene Konvertierungen und Schnittstellenanpassungen in C realisiert.<br \/>\nKonzeption und Prototyp eines integrierten, objekt-orientierten Produktmodellierers auf Basis von Smalltalk-80 und X\/Window.<\/td>\n<td width=\"122\">Fraunhofer- Institut: 1989-1991<\/td>\n<\/tr>\n<tr>\n<td width=\"133\"><strong>Entwurf und Entwicklung\u00a0\u00a0<\/strong><\/td>\n<td width=\"335\">Konzeption und Entwicklung einer rechnergest\u00fctzten Unternehmenssimuation f\u00fcr ein Unternehmen der Informationsverarbeitung.<\/td>\n<td width=\"122\">Fraunhofer- Institut: 1990-1992<\/td>\n<\/tr>\n<tr>\n<td width=\"133\"><strong>Beratung und Konzeption\u00a0\u00a0<\/strong><\/td>\n<td width=\"335\">Beratung, Konzeption und Auswahl einer DV-L\u00f6sung f\u00fcr ein Unternehmen der Immobilienbranche. Zur Hilfestellung der Konzeption wurden Prototypen mit Hilfe von CLIPPER, C und dem MS-Windows- SDK entwickelt. Auf Basis des erarbeiteten Pflichtenheftes wurde \u00fcber eine Marktstudie ein vorhandenes System ausgew\u00e4hlt.<\/td>\n<td width=\"122\">Systemhaus: 1992<\/td>\n<\/tr>\n<tr>\n<td width=\"133\"><strong>Entwicklung\u00a0\u00a0<\/strong><\/td>\n<td width=\"335\">Entwicklung eines User-Interface- und Datenbank-Style-Guides zur Integration verschiedener Softwarebausteine f\u00fcr die Qualit\u00e4ts- sicherung.<\/td>\n<td width=\"122\">Unternehmensberatung: 1992- 1993<\/td>\n<\/tr>\n<tr>\n<td width=\"133\"><strong>Entwurf und Entwicklung\u00a0\u00a0<\/strong><\/td>\n<td width=\"335\">Weiterentwicklung eines Smalltalk- Servers im Rahmen eines Client- Server-Projekts auf<br \/>\nBasis von Visual Works unter HP-UX und SINIX.<br \/>\nPortierung von netzwerknahen HP-UX- Systemprogrammen auf SINIX auf Basis von C.<br \/>\nPrototyp eines Marketing-Controlling- Systems unter MS-Windows mit Borland C und Windows-API.<br \/>\nRedesign des Prototyps auf Basis von C++ und kundenspezifischer Klassenbibliothek.<br \/>\nImplementierung des Prototyps unter Einbeziehung des Raima-DBM.<\/td>\n<td width=\"122\">Systemhaus: 1994- 1995<\/td>\n<\/tr>\n<tr>\n<td width=\"133\"><strong>Entwurf und Entwicklung\u00a0\u00a0<\/strong><\/td>\n<td width=\"335\">Erweiterung eines graphisch- interaktiven Erzeugnis- und Dokumentationsverwaltungssystems f\u00fcr einen Elektrowerkzeuge- Hersteller.<br \/>\nF\u00fcr erweiterte Anforderungen bez\u00fcglich St\u00fccklisten, Teilever- wendungsnachweise und \u00c4nderungshistorie w\u00e4hrend der Produktlebensdauer wurden datenbankspezifische Funktionen realisiert und diese mit ensprechender Dialogschnittstelle in das Gesamtsystem integriert.<br \/>\nDie Realisierung erfolgte mit Borland C++ und RaimaDB auf Basis von MS- Windows 3.x.<\/td>\n<td width=\"122\">Softwarehaus: 1995<\/td>\n<\/tr>\n<tr>\n<td width=\"133\"><strong>Entwurf und Entwicklung\u00a0\u00a0<\/strong><\/td>\n<td width=\"335\">Entwurf und Entwicklung eines Management-Systems zur Steuerung von Refresh-Zyklen unabh\u00e4ngiger Windows-Tasks. Die Realisierung erfolgte mit Hilfe von Borland C++ bzw. Symantec C++.<br \/>\nWeiterentwicklung diverser Klasse der Microsoft Foundation Class (MFC). F\u00fcr die Umsetzung wurde Symantec C++ \/ MFC 2.0 verwendet.<br \/>\nModul zur Multi-User-Unterst\u00fctzung einer datenbankbasierten Anwendung f\u00fcr die Projektierung von Geb\u00e4udeinstallationssystemen mit EIB.<\/td>\n<td width=\"122\">Systemhaus: 1995<\/td>\n<\/tr>\n<tr>\n<td width=\"133\"><strong>Entwurf, Entwicklung und Projektleitung\u00a0\u00a0<\/strong><\/td>\n<td width=\"335\">Parser zur Unterst\u00fctzung der Erstellung von mehrsprachigen Versionen eines Produktplanungssystems. Die Realisierung erfolgte mit C unter HP- UX.<br \/>\nRequirements-Analysen, Konzeption und Erstellung der Fachspezifikation f\u00fcr ein System zur Montage- und Austaktungsplanung f\u00fcr den Serienneuanlauf in einem Automobilwerk.<br \/>\nPrototypische Umsetzung der fachlichen Forderungen in einen Funktionsprototyp auf Basis von VisualSmalltalk.<br \/>\nOO-Design f\u00fcr das o.g. System mit Hilfe der Methoden CRC und OMT.<br \/>\nProjektleitung und Mitarbeit bei der Umsetzung auf der Basis C und ORACLE unter SCO- UNIX und WindowsNT4.0.<\/td>\n<td width=\"122\">Systemhaus: 1996\/97<\/td>\n<\/tr>\n<tr>\n<td width=\"133\"><strong>Konzeption, Design, Implementierung (teilweise)\u00a0\u00a0<\/strong><\/td>\n<td width=\"335\">Requirements-Analysen und Konzeption von Schnittstellen f\u00fcr die \u00dcbernahme von Hostdaten in ein Client- Server-basiertes Planungssystem f\u00fcr die Automobilindustrie. Design der Schnittstelle und Datenbankdesign (ORACLE). Redesign der Schnittstelle f\u00fcr den Betrieb auf einem Datenbankserver und Realisierung der Schnittstellenprogramme unter Verwendung von ORACLE PL\/SQL.<br \/>\nProze\u00dfanalysen und Konzeption einer Schnittstelle f\u00fcr den Datenaustausch von Planungs- und St\u00fccklistendaten eines Client- Server-basierten Planungssystems mit Hostsystemen eines Automobilherstellers. Unterst\u00fctzung der Implementierung auf Basis VBScript und kundenspezifische Anpassungen.<br \/>\nErstellung von Betriebskonzepten f\u00fcr die o.g. Schnittstellen und Einf\u00fchrung des Betriebs.<br \/>\nBeratungsunterst\u00fctzung bei der Konzeption weiterer Schnittstellen und Projektleitung f\u00fcr Umsetzung.<\/td>\n<td width=\"122\">Systemhaus: 2002<\/td>\n<\/tr>\n<tr>\n<td width=\"133\"><strong>Konzeption und Design\u00a0\u00a0<\/strong><\/td>\n<td width=\"335\">Konzeption einer XML-Schnittstelle zum Datenaustausch von Planungsdaten f\u00fcr die Montage- und Fertigungsplanung in der Automobilindustrie. Entwicklung Fachkonzept, Schemadefinition und Betriebskonzept.<\/td>\n<td width=\"122\">Systemhaus: 2002<\/td>\n<\/tr>\n<tr>\n<td width=\"133\"><strong>Entwurf und Entwicklung\u00a0\u00a0<\/strong><\/td>\n<td width=\"335\">Entwurf und Entwicklung verschiedener Schnittstellen zum Im- und Export von Planungsdaten f\u00fcr einen Kunden der Automobilindustrie. Realisierung der Schnittstellen erfolgte in ORACLE-PL\/SQL.<\/td>\n<td width=\"122\">Systemhaus: 2002- 2003<\/td>\n<\/tr>\n<tr>\n<td width=\"133\"><strong>Konzeption und Prototyping\u00a0\u00a0<\/strong><\/td>\n<td width=\"335\">Mitarbeit bei der Konzeption eines Planungssystems f\u00fcr die Flugzeugindustrie.<br \/>\nDefinition von UseCases und prototypische Umsetzung auf Basis eines Standardplanungssystems als Proof-Of- Concept f\u00fcr:<br \/>\n# Betriebskonzept<br \/>\n# PDM-Integration<br \/>\n# Schnittstellenthemen<br \/>\nNutzung von VBScript, JavaScript, ORACLE PL\/SQL.<\/td>\n<td width=\"122\">Systemhaus: 2003<\/td>\n<\/tr>\n<tr>\n<td width=\"133\"><strong>Entwurf und Entwicklung\u00a0\u00a0<\/strong><\/td>\n<td width=\"335\">Entwurf und Entwicklung verschiedener Reporting-Module f\u00fcr ein Planungssystem in der Flugzeugindustrie.<br \/>\nEntwicklung von Schnittstellen f\u00fcr den Datenaustausch mit SAP.<br \/>\nCustomizing von Planungsfunktionen eines Standardplanungssystems.<br \/>\nNutzung von VBScript, VBA und ORACLE PL\/SQL.<\/td>\n<td width=\"122\">Systemhaus: 2003\/4<\/td>\n<\/tr>\n<tr>\n<td width=\"133\"><strong>Entwurf und Entwicklung\u00a0\u00a0<\/strong><\/td>\n<td width=\"335\">Entwurf und Entwicklung von Reporting-Modulen und Schnittstellen f\u00fcr ein Planungssystem in der Automobilindustrie..<br \/>\nNutzung von VBScript, VBA und ORACLE PL\/SQL.<\/td>\n<td width=\"122\">Systemhaus: 2003\/4<\/td>\n<\/tr>\n<tr>\n<td width=\"133\"><strong>Entwurf und Entwicklung\u00a0\u00a0<\/strong><\/td>\n<td width=\"335\">Customizing von Planungsfunktionalit\u00e4ten eines Standardsystems f\u00fcr die Montage- und Fertigungsplanung.<br \/>\nNutzung von VBScript und VBA.<\/td>\n<td width=\"122\">Systemhaus: 2003\/4\/5<\/td>\n<\/tr>\n<tr>\n<td width=\"133\"><strong>Entwurf und Entwicklung\u00a0\u00a0<\/strong><\/td>\n<td width=\"335\">Konzept, Design und Umsetzung eines generischen Export- Mechanismus zum freikonfigurierbaren Definition von Quell- und Zieldaten. Mechanismus unterst\u00fctzt Reporting- Werkzeuge und beliebige Zielformate (u.a. XML).<br \/>\nDefinition mehrerer Schnittstellen und Reports auf Basis des o.g. Mechanismus und Durchf\u00fchrung von Trainingsma\u00dfnahmen f\u00fcr Systembetreuer und Projektingenieure.<br \/>\nNutzung von VBScript, VBA und Oracle PL\/SQL.<\/td>\n<td width=\"122\">Systemhaus: 2004\/5<\/td>\n<\/tr>\n<tr>\n<td width=\"133\"><strong>Entwurf und Entwicklung\u00a0\u00a0<\/strong><\/td>\n<td width=\"335\">Anforderungsdefinition, Design und Umsetzung eines konfigurierbaren Systems zur Steuerung des Workflows eines Planungssystems zum Einsatz in Elektronik- und Fertigungsbereichen eines Automobilherstellers. Die Umsetzung erfolgte in VBScript und Excel-Makros.<\/td>\n<td width=\"122\">Systemhaus: 2005<\/td>\n<\/tr>\n<tr>\n<td width=\"133\"><strong>Konzeption, Design und Entwicklung\u00a0\u00a0<\/strong><\/td>\n<td width=\"335\">Erstellung von Anforderungsdokumenten f\u00fcr die Erweiterung eines generischen Schnittstellen- und Reportingtools. Einsatz von Mindmaps, Requirements- Trace-Matrizen und QFD f\u00fcr die Anforderungsdefinition. Umsetzung erfolgte in VBScript und Oracle- PL\/SQL.<\/td>\n<td width=\"122\">Systemhaus: 2005<\/td>\n<\/tr>\n<tr>\n<td width=\"133\"><strong>Konzeption, Design und Entwicklung\u00a0\u00a0<\/strong><\/td>\n<td width=\"335\">Erstellung von Lastenheften f\u00fcr ein System zur Versionierung von komplexen Planungsdaten eines Systems f\u00fcr die Montage- und Fertigungsplanung im Automobilbereich. F\u00fcr die Entwicklung wurden VisualBasic, VBScript und Oracle-PL\/SQL verwendet.<\/td>\n<td width=\"122\">Systemhaus: 2005<\/td>\n<\/tr>\n<tr>\n<td width=\"133\"><strong>Entwurf und Entwicklung\u00a0\u00a0<\/strong><\/td>\n<td width=\"335\">Erstellung kundenspezifischer Reporting-Werkzeuge f\u00fcr ein Planungssystem.<br \/>\nUmsetzung mit Hilfe von VisualBasic und VBScript.<\/td>\n<td width=\"122\">Systemhaus: 2005<\/td>\n<\/tr>\n<tr>\n<td width=\"133\"><strong>Entwurf und Entwicklung\u00a0\u00a0<\/strong><\/td>\n<td width=\"335\">Konzeption und Entwicklung von Import-Schnittstellen zur \u00dcbernahme von Produkt- und Fertigungsdaten in ein Planungssystem in VBScript.<\/td>\n<td width=\"122\">Systemhaus: 2005<\/td>\n<\/tr>\n<tr>\n<td width=\"133\"><strong>Konzeption, Design und Entwicklung\u00a0\u00a0<\/strong><\/td>\n<td width=\"335\">Erstellung von Lastenheften f\u00fcr eine XML-Import-Export-Schnittstelle zum Datenaustausch von Ressourcen- Daten eines Planungssystems. Umsetzung erfolgte unter Verwendung von VBScript und Microsoft DOM- Klassen. Die Schemadefinitionen wurden mit Hilfe von XMLSpy erstellt.<\/td>\n<td width=\"122\">Systemhaus: 2005<\/td>\n<\/tr>\n<tr>\n<td width=\"133\"><strong>Konzeption, Design und Entwicklung\u00a0\u00a0<\/strong><\/td>\n<td width=\"335\">Mitwirkung bei der Erstellung von Lastenheften und Design eines Systems zur Erzeugung von Proze\u00dfgraphen auf Basis hierarchischer Planungsdaten. Die Entwicklung erfolgte in VBScript und Excel-Makros.<\/td>\n<td width=\"122\">Systemhaus: 2006<\/td>\n<\/tr>\n<tr>\n<td width=\"133\"><strong>Entwurf und Entwicklung\u00a0\u00a0<\/strong><\/td>\n<td width=\"335\">Konzeption und Entwicklung eines Moduls f\u00fcr die Auswertung von Montage- und Fertigungsdaten eines Planungssystems f\u00fcr einen Automobilhersteller. Umsetzung erfolgte in VBScript und Excel.<\/td>\n<td width=\"122\">Systemhaus: 2006<\/td>\n<\/tr>\n<tr>\n<td width=\"133\"><strong>Konzeption, Design und Entwicklung\u00a0\u00a0<\/strong><\/td>\n<td width=\"335\">Erarbeitung von Lastenheften f\u00fcr die Erstellung einer Workflowsteuerung eines Standardplanungssystems f\u00fcr einen Automobilhersteller. Erweiterung um Import-Mechanismen f\u00fcr Daten externer Systeme. Umsetzung erfolgte in Oracle-SQL, Oracle-PL\/SQL und VBScript.<\/td>\n<td width=\"122\">Systemhaus: 2006<\/td>\n<\/tr>\n<tr>\n<td width=\"133\"><strong>Entwurf und Entwicklung\u00a0\u00a0<\/strong><\/td>\n<td width=\"335\">Konzeption und Entwicklung eines Moduls f\u00fcr die Auswertung und Nachverfolgung von \u00c4nderungen an Planungsdaten. Umsetzung erfolgte in VBScript und Excel. Anpassungen des generischen Schnittstellen- und Reportingsystems an neue Anforderungen. Umsetzung in Oracle- PL\/SQL.<\/td>\n<td width=\"122\">Systemhaus: 2006<\/td>\n<\/tr>\n<tr>\n<td width=\"133\"><strong>Konzeption, Design und Entwicklung\u00a0\u00a0<\/strong><\/td>\n<td width=\"335\">Erstellung von Lastenheften f\u00fcr funktionale Erweiterungen eines Planungssystems im Flugzeugbau. Konzeption eines Schnittstellenmoduls zur Versorgung von Simulationssystemen. Umsetzung in VBScript und VisualBasic.<\/td>\n<td width=\"122\">Systemhaus: 2006<\/td>\n<\/tr>\n<tr>\n<td width=\"133\"><strong>Konzeption, Design und Entwicklung\u00a0\u00a0<\/strong><\/td>\n<td width=\"335\">Angebotserstellung, Lastenhefte, Konzeption und Umsetzung von Erweiterungen f\u00fcr ein Standardplanungssystem zur Abdeckung von kundenspezifischen Anforderungen eines mittelst\u00e4ndischen Unternehmens. Umsetzung in VBScript.<\/td>\n<td width=\"122\">Systemhaus: 2006<\/td>\n<\/tr>\n<tr>\n<td width=\"133\"><strong>Konzeption, Design und Entwicklung\u00a0\u00a0<\/strong><\/td>\n<td width=\"335\">Entwicklung von Auswertungen f\u00fcr ein Planungssystem im Flugzeugbau. Umsetzung in VBScript, VisualBasic und VBA (Excel-Makros).<\/td>\n<td width=\"122\">Systemhaus: 2007<\/td>\n<\/tr>\n<tr>\n<td width=\"133\"><strong>Konzeption, Design und Entwicklung\u00a0\u00a0<\/strong><\/td>\n<td width=\"335\">Konzeption und Umsetzung von Erweiterungen zum systemunabh\u00e4ngigen Betrieb generischer Schnittstellen- und Reportinggeneratoren. Umsetzung in VBScript und Oracle-PL\/SQL.<\/td>\n<td width=\"122\">Systemhaus: 2007<\/td>\n<\/tr>\n<tr>\n<td width=\"133\"><strong>Design und Entwicklung\u00a0\u00a0<\/strong><\/td>\n<td width=\"335\">Funktionale Erg\u00e4nzungen zur Datenbereitstellung von Planungsdaten f\u00fcr ein PLM-System im Bereich Schiffbau. Umsetzung in VBScript.<\/td>\n<td width=\"122\">Systemhaus: 2007<\/td>\n<\/tr>\n<tr>\n<td width=\"133\"><strong>Konzeption, Design und Entwicklung\u00a0\u00a0<\/strong><\/td>\n<td width=\"335\">Lastenhefte, Konzeption und Umsetzung von Reports f\u00fcr unterschiedliche Aggregationsstufen im Montagebereich eines Automobilherstellers. Umsetzung in VBScript, VisualBasic und Oracle-PL\/SQL.<\/td>\n<td width=\"122\">Systemhaus: 2007<\/td>\n<\/tr>\n<tr>\n<td width=\"133\"><strong>Studie und Prototypenentwicklung\u00a0\u00a0<\/strong><\/td>\n<td width=\"335\">Konzeption und Nachweis der Machbarkeit der Datenbereitstellung f\u00fcr ein DatawareHouse aus Datenbest\u00e4nden eines Planungssystems. Nachweis der Machbarkeit zur Datenbereitstellung f\u00fcr div. kundenbezogene Datenformate am Beispiel XML. Umsetzung in VBScript, Oracle-PL\/SQL und generischem Schnittstellen- und Reportgenerator (Eigenentwicklung).<\/td>\n<td width=\"122\">Systemhaus: 2007<\/td>\n<\/tr>\n<tr>\n<td width=\"133\"><strong>Design und Entwicklung\u00a0\u00a0<\/strong><\/td>\n<td width=\"335\">Unterst\u00fctzung bei der Migration eines Planungssystems f\u00fcr einen Automobilhersteller. Analyse des Anpassungsaufwands f\u00fcr vorhandene, scriptbezogene funktionale Erweiterungen und Umsetzung der Migrationsanforderungen. Umsetzung in VBScript.<\/td>\n<td width=\"122\">Systemhaus: 2007<\/td>\n<\/tr>\n<tr>\n<td width=\"133\"><strong>Konzeption, Design und Entwicklung\u00a0<\/strong><\/td>\n<td width=\"335\">Lastenhefte, Konzeption und Umsetzung einer L\u00f6sung zum Import von Zeitanalysedaten in ein Planungssystem und funktionale Erweiterungen zur automatischen Datenbereitstellung f\u00fcr verschiedene Planungssichten. Umsetzung in VBScript, VisualBasic und VBA (Excel-Makros).<\/td>\n<td width=\"122\">Systemhaus: 2007<\/td>\n<\/tr>\n<tr>\n<td width=\"133\"><strong>Konzeption, Design und Entwicklung\u00a0<\/strong><\/td>\n<td width=\"335\">Lastenhefte, Konzeption und Umsetzung einer Reporting-L\u00f6sung zur Bereitstellung von Montageinformationen aus Daten eines Planungssystems. Umsetzung in VBScript und VBA (Excel-Makros).<\/td>\n<td width=\"122\">Systemhaus: 2007<\/td>\n<\/tr>\n<tr>\n<td width=\"133\"><strong>Design und Entwicklung\u00a0\u00a0<\/strong><\/td>\n<td width=\"335\">Funktionale Erg\u00e4nzungen zur Daten\u00fcbernahme von Daten eines PLM-Systems in ein Planungssystem im Bereich Schiffbau. Umsetzung in VBScript.<\/td>\n<td width=\"122\">Systemhaus: 2007<\/td>\n<\/tr>\n<tr>\n<td width=\"133\"><strong>Konzeption, Design und Entwicklung\u00a0<\/strong><\/td>\n<td width=\"335\">Konzepte und Entwicklung von Modulen zur Unterst\u00fctzung von Versionierungskonzepten f\u00fcr ein Planungssystem im Bereich E-Pr\u00fcfplan. Umsetzung in VBScript und VisualBasic.<\/td>\n<td width=\"122\">Systemhaus: 2007<\/td>\n<\/tr>\n<tr>\n<td width=\"133\"><strong>Konzeption, Design und Entwicklung\u00a0\u00a0<\/strong><\/td>\n<td width=\"335\">Design einer L\u00f6sung zur Steuerung und Zusammenf\u00fchrung von parallelen\u00a0\u00a0Planungen eines Automobilherstellers. Teilprojektleitung und Umsetzung der Hauptmodule. Realisierung in VBScript und VisualBasic.<\/td>\n<td width=\"122\">Systemhaus: 2007\/2008<\/td>\n<\/tr>\n<tr>\n<td width=\"133\"><strong>Konzeption, Design und Entwicklung\u00a0<\/strong><\/td>\n<td width=\"335\">Entwicklung verschiedener HTML-Reports f\u00fcr eine Planungsl\u00f6sung im Flugzeugbau. Umsetzung in VBA.<\/td>\n<td width=\"122\">Systemhaus: 2007<\/td>\n<\/tr>\n<tr>\n<td width=\"133\"><strong>Entwicklung\u00a0\u00a0<\/strong><\/td>\n<td width=\"335\">Migrationsunterst\u00fctzung f\u00fcr den Releasewechsel eines Planungssystems im Automobilbau. Pr\u00fcfung und Anpassung diverser Workflow- und Reporting-Scripte. Umsetzung in VBScript.<\/td>\n<td width=\"122\">Systemhaus: 2008<\/td>\n<\/tr>\n<tr>\n<td width=\"133\"><strong>Konzeption, Design und Entwicklung\u00a0<\/strong><\/td>\n<td width=\"335\">Konzeption und Design verschiedener Workflow- und Report-Module f\u00fcr die Einf\u00fchrungs- und Pilotphase eines Projekts Digitale Fabrik eines Automobilzulieferers. Umsetzungsunterst\u00fctzung in VBA, VBScript, VisualBasic. Report- und Schnittstellenmodule z.T. in SQL bzw. PL\/SQL.<\/td>\n<td width=\"122\">Systemhaus: 2008<\/td>\n<\/tr>\n<tr>\n<td width=\"133\"><strong>Konzeption<\/strong><\/td>\n<td width=\"335\">Konzeption zur Standardisierung\u00a0\u00a0unterschiedlicher Import-Export-Schnittstellenl\u00f6sungen zu einer Gesamtl\u00f6sung. Die L\u00f6sungen basieren auf VB, VBScript, SQL und PL\/SQL Modulen.<\/td>\n<td width=\"122\">Intern\/Systemhaus: 2008<\/td>\n<\/tr>\n<tr>\n<td width=\"133\"><strong>Konzeption, Design und Entwicklung\u00a0<\/strong><\/td>\n<td width=\"335\">Konzepte zur Erzeugung eines separaten Fertigungsplanmoduls f\u00fcr Rohbau und Montage auf Basis eines Standard-Planungssystems und Unterst\u00fctzung bei der Umsetzung mit Hilfe von VBA, VBScript, PL\/SQL. Unterst\u00fctzung bei der Daten\u00fcbernahme von SAP-Daten in ein Standardplanungssystem<\/td>\n<td width=\"122\">Systemhaus: 2008<\/td>\n<\/tr>\n<tr>\n<td width=\"133\"><strong>Konzeption und Design\u00a0<\/strong><\/td>\n<td width=\"335\">Konzepte f\u00fcr die Weiterentwicklung eines generischen Import-Moduls f\u00fcr die Daten\u00fcbernahme von Drittsystemen in ein Planungssystem f\u00fcr Projekte im Bereich Digitale Fabrik . Supportaufgaben f\u00fcr aktuelle Schnittstellenfragen.<\/td>\n<td width=\"122\">Systemhaus: 2008<\/td>\n<\/tr>\n<tr>\n<td width=\"133\"><strong>Konzeption, Design und Entwicklung\u00a0<\/strong><\/td>\n<td width=\"335\">Konzeption, Design und Entwicklung eines Moduls zur Synchronisation versionierter Produktstrukturen f\u00fcr ein Planungssystem im Automobilbau. Umsetzung mit VisualBasic, VBScript und speziellen Kunden-APIs.<\/td>\n<td width=\"122\">Systemhaus: 2008<\/td>\n<\/tr>\n<tr>\n<td width=\"133\"><strong>Konzeption, Design und Entwicklung\u00a0<\/strong><\/td>\n<td width=\"335\">Konzeption und Umsetzung einer generischen L\u00f6sung zur Erzeugung von Fertigungspl\u00e4nen f\u00fcr die Bereiche Montage und Rohbau eines Automobilzulieferers. Front-End auf Basis profilgesteuerter Excel-VBA-L\u00f6sung. Dazu Erweiterungen (VBScript, PL\/SQL) eines eigenen generischen Schnittstellensystems und Konfiguration der Datenbereitstellung aus einem Planungssystem.<\/td>\n<td width=\"122\">Systemhaus: 2008\/2009<\/td>\n<\/tr>\n<tr>\n<td width=\"133\"><strong>Konzeption, Design und Entwicklung\u00a0<\/strong><\/td>\n<td width=\"335\">Konzepte und Umsetzung eines Moduls zur Anwenderunterst\u00fctzung f\u00fcr die Arbeit mit versionierten Produkt- und Proze\u00dfdaten f\u00fcr ein Planungssystem eines Flugzeugherstellers. Umsetzung in VBScript und VisualBasic. Komplette Design- und Umsetzungsdokumentationen englischsprachig.<\/td>\n<td width=\"122\">Systemhaus: 2009<\/td>\n<\/tr>\n<tr>\n<td width=\"133\"><strong>Konzeption, Design und Entwicklung<\/strong><\/td>\n<td width=\"335\">Entwicklung eines Postprozessors zur \u00dcbernahme von versionierten Produktdaten einer PLM-Bridge in ein Planungssystem eines Flugzeugbauers. Umsetzung mit VBScript und VisualBasic. Komplette Design- und Umsetzungsdokumentationen englischsprachig.<\/td>\n<td width=\"122\">Systemhaus: 2009<\/td>\n<\/tr>\n<tr>\n<td width=\"133\"><strong>Konzeption, Design und Entwicklung\u00a0<\/strong><\/td>\n<td width=\"335\">Konzeption, Design und Entwicklung eines Tools zur Administration und Konfiguration einer BI\/ETL Eigenentwicklung. Verwendete Werkzeuge und Systeme:<\/p>\n<p>\u00b7\u00a0\u00a0\u00a0\u00a0\u00a0\u00a0\u00a0\u00a0\u00a0MindManager, TopTeam Analyst, EnterpriseArchitect, QFD\/Capture.<\/p>\n<p>\u00b7\u00a0\u00a0\u00a0\u00a0\u00a0\u00a0\u00a0\u00a0\u00a0Oracle (SQL, PL\/SQL).<\/p>\n<p>\u00b7\u00a0\u00a0\u00a0\u00a0\u00a0\u00a0\u00a0\u00a0\u00a0VB.Net, C#<\/td>\n<td width=\"122\">Internes Projekt: 2009<\/td>\n<\/tr>\n<tr>\n<td width=\"133\"><strong>Design und Entwicklung<\/strong><\/td>\n<td width=\"335\">Optimierung eines bestehenden Produktdaten-Changemanagement-Systems bzgl. Laufzeit und Speicherbedarf. Nutzung von C#, VBScript, SQL.<\/td>\n<td width=\"122\">Systemhaus: 2010<\/td>\n<\/tr>\n<tr>\n<td width=\"133\"><strong>Konzeption, Design und Entwicklung\u00a0<\/strong><\/td>\n<td width=\"335\">Konzeption, Design und Entwicklung eines Planungssystems f\u00fcr die Logistik mit produktversionsabh\u00e4ngigen Planungsobjekten. Design mit EnterpriseArchitect, Umsetzung mit C#, VB.Net, VBScript.<\/td>\n<td width=\"122\">Systemhaus: 2010-2011<\/td>\n<\/tr>\n<tr>\n<td width=\"133\"><strong>Entwicklung\u00a0<\/strong><\/td>\n<td width=\"335\">Entwicklung und \u00dcberarbeitung von Reports aus dem Planungssystem Tecnomatix ProcessDesigner. Programmerstellung auf Basis von XML und XSLT.<\/td>\n<td width=\"122\">Ingenieurdiensleister: 2011<\/td>\n<\/tr>\n<tr>\n<td width=\"133\"><strong>Konzeption, Design und Entwicklung\u00a0<\/strong><\/td>\n<td width=\"335\">Redesign Produktdaten-Changemanagement-Systems. Umsetzung neuer Anforderungen und Refactoring des bestehenden Systems von C# -&gt; VBScript\/SQL.<\/td>\n<td width=\"122\">Systemhaus: 2011<\/td>\n<\/tr>\n<tr>\n<td width=\"133\"><strong>Design und Entwicklung\u00a0<\/strong><\/td>\n<td width=\"335\">Erweiterung von Produktdaten um Prozessdaten und Erzeugung von PLMXML-Datenstrukturen zur Visualisierung in VR-Systemen (JT-Format). Nutzung von VB.Net und XML-Sprachelementen.<\/td>\n<td width=\"122\">Ingenieurdiensleister: 2011<\/td>\n<\/tr>\n<\/tbody>\n<\/table>\n<p>&nbsp;<\/p>\n","protected":false},"excerpt":{"rendered":"<p>Bereich\u00a0\u00a0 Projektinhalt\u00a0\u00a0 Kunde \/ Zeitraum\u00a0\u00a0 Applikationsentwicklung\u00a0\u00a0 Entwicklung eines Systems zur Verwaltung von Kunden-, Auftrags- und Lagerdaten. Automatisierung von Vertriebsma\u00dfnahmen auf Basis von dBase f\u00fcr ein Einzelhandelsunternehmen. Einzelhandel: 1984- 1985 Entwurf und Prototypenerstellung\u00a0\u00a0 Konzeption und Prototyp eines wissensbasierten Werkstoff- Informationssystems. Die Prototypenerstellung erfolgte mit Hilfe von C, SQL und X\/Window. Fraunhofer- Institut: 1988-1989 Auswahl, Beratung und&#8230;<\/p>\n","protected":false},"author":1,"featured_media":0,"parent":0,"menu_order":0,"comment_status":"closed","ping_status":"closed","template":"","meta":{"footnotes":""},"aioseo_notices":[],"jetpack_sharing_enabled":true,"_links":{"self":[{"href":"https:\/\/i2.information-innovation.de\/index.php?rest_route=\/wp\/v2\/pages\/160"}],"collection":[{"href":"https:\/\/i2.information-innovation.de\/index.php?rest_route=\/wp\/v2\/pages"}],"about":[{"href":"https:\/\/i2.information-innovation.de\/index.php?rest_route=\/wp\/v2\/types\/page"}],"author":[{"embeddable":true,"href":"https:\/\/i2.information-innovation.de\/index.php?rest_route=\/wp\/v2\/users\/1"}],"replies":[{"embeddable":true,"href":"https:\/\/i2.information-innovation.de\/index.php?rest_route=%2Fwp%2Fv2%2Fcomments&post=160"}],"version-history":[{"count":6,"href":"https:\/\/i2.information-innovation.de\/index.php?rest_route=\/wp\/v2\/pages\/160\/revisions"}],"predecessor-version":[{"id":415,"href":"https:\/\/i2.information-innovation.de\/index.php?rest_route=\/wp\/v2\/pages\/160\/revisions\/415"}],"wp:attachment":[{"href":"https:\/\/i2.information-innovation.de\/index.php?rest_route=%2Fwp%2Fv2%2Fmedia&parent=160"}],"curies":[{"name":"wp","href":"https:\/\/api.w.org\/{rel}","templated":true}]}}