{"id":249,"date":"2017-01-22T21:15:00","date_gmt":"2017-01-22T21:15:00","guid":{"rendered":"http:\/\/i2.information-innovation.de\/?page_id=249"},"modified":"2018-11-18T17:27:59","modified_gmt":"2018-11-18T17:27:59","slug":"it","status":"publish","type":"page","link":"https:\/\/i2.information-innovation.de\/?page_id=249","title":{"rendered":"IT"},"content":{"rendered":"<p><img loading=\"lazy\" decoding=\"async\" class=\"alignright wp-image-197 size-full\" src=\"https:\/\/i2.information-innovation.de\/wp-content\/uploads\/2017\/01\/it001_152.jpg\" alt=\"\" width=\"150\" height=\"100\" \/><\/p>\n<p>Seit 1979 arbeite ich in den verschiedensten Bereichen der Informationstechnologie.<br \/>\nSysteme, Methoden und Werkzeuge kamen und gingen. Selbst wenn einige der Systeme oder Werkzeuge nur noch selten im Alltag zu finden sind, so haben sie Spuren hinterlassen und neue Impulse f\u00fcr Weiterentwicklungen gegeben.<br \/>\nKontinuierliche Verbesserung und Weiterentwicklung, fortw\u00e4hrendes Lernen und Neugier &#8211; f\u00fcr die Informatik keine Schlagworte, sondern unabdingbare Verpflichtung.<\/p>\n<h2><a name=\"02b04c9875100f428\"><\/a>SYSTEME<\/h2>\n<p>Die nachfolgende Liste stellt einen kleinen Ausschnitt der Systeme dar, mit denen ich im Laufe gearbeitet habe.<\/p>\n<ul>\n<li>Intel-basierte PCs<\/li>\n<li>Workstations (HP, IBM, SUN)<\/li>\n<\/ul>\n<h2><a name=\"02b04c987512bc540\"><\/a>BETRIEBSSYSTEME<\/h2>\n<p>Die nachfolgenden Betriebssysteme bildeten die Basis f\u00fcr Entwicklungsprojekte.<\/p>\n<ul>\n<li>diverse UNIX-Versionen<\/li>\n<li>macOS<\/li>\n<li>Linux<\/li>\n<li>Microsoft Windows<\/li>\n<li>OS\/2<\/li>\n<li>OS\/VS2<\/li>\n<\/ul>\n<h2><a name=\"02b04c987512d4643\"><\/a>DATENBANKEN<\/h2>\n<p>Eine Vielzahl von Projekten basierte auf Datenbanken. Eine kleine Auswahl der Datenbanksysteme, die im Rahmen von Projekten eingesetzt wurden, finden Sie nachstehend. Den Schwerpunkt bilden mittlerweile Oracle und Microsoft Access.<\/p>\n<ul>\n<li>Microsoft Access<\/li>\n<li>Oracle<\/li>\n<li>Paradox<\/li>\n<\/ul>\n<h2><a name=\"02b04c987512cf042\"><\/a>ENTWICKLUNGSUMGEBUNGEN<\/h2>\n<p>Mit folgenden Programmiersprachen und Entwicklungssystemen habe ich in Projekten gearbeitet. Den Fokus bilden derzeit Script- und Datenbanksprachen und Entwicklungsumgebungen im Microsoft-Umfeld.<\/p>\n<ul>\n<li>Basic, Visual Basic, VBScript, VBA, VB.Net<\/li>\n<li>C (Microsoft, HP-UX, Linux)<\/li>\n<li>C++ (Borland, Microsoft, Symantec)<\/li>\n<li>C# (Microsoft)<\/li>\n<li>Fortran (IBM)<\/li>\n<li>Java (IBM, Symantec\/Cincom)<\/li>\n<li>PARTS (Digitalk)<\/li>\n<li>Pascal (Borland)<\/li>\n<li>Smalltalk (Digitalk, ObjectShare, IBM)<\/li>\n<li>SQL, PL\/SQL (Oracle, Sybase)<\/li>\n<\/ul>\n","protected":false},"excerpt":{"rendered":"<p>Seit 1979 arbeite ich in den verschiedensten Bereichen der Informationstechnologie. Systeme, Methoden und Werkzeuge kamen und gingen. Selbst wenn einige der Systeme oder Werkzeuge nur noch selten im Alltag zu finden sind, so haben sie Spuren hinterlassen und neue Impulse f\u00fcr Weiterentwicklungen gegeben. Kontinuierliche Verbesserung und Weiterentwicklung, fortw\u00e4hrendes Lernen und Neugier &#8211; f\u00fcr die Informatik&#8230;<\/p>\n","protected":false},"author":1,"featured_media":0,"parent":0,"menu_order":0,"comment_status":"closed","ping_status":"closed","template":"","meta":{"footnotes":""},"aioseo_notices":[],"jetpack_sharing_enabled":true,"_links":{"self":[{"href":"https:\/\/i2.information-innovation.de\/index.php?rest_route=\/wp\/v2\/pages\/249"}],"collection":[{"href":"https:\/\/i2.information-innovation.de\/index.php?rest_route=\/wp\/v2\/pages"}],"about":[{"href":"https:\/\/i2.information-innovation.de\/index.php?rest_route=\/wp\/v2\/types\/page"}],"author":[{"embeddable":true,"href":"https:\/\/i2.information-innovation.de\/index.php?rest_route=\/wp\/v2\/users\/1"}],"replies":[{"embeddable":true,"href":"https:\/\/i2.information-innovation.de\/index.php?rest_route=%2Fwp%2Fv2%2Fcomments&post=249"}],"version-history":[{"count":6,"href":"https:\/\/i2.information-innovation.de\/index.php?rest_route=\/wp\/v2\/pages\/249\/revisions"}],"predecessor-version":[{"id":446,"href":"https:\/\/i2.information-innovation.de\/index.php?rest_route=\/wp\/v2\/pages\/249\/revisions\/446"}],"wp:attachment":[{"href":"https:\/\/i2.information-innovation.de\/index.php?rest_route=%2Fwp%2Fv2%2Fmedia&parent=249"}],"curies":[{"name":"wp","href":"https:\/\/api.w.org\/{rel}","templated":true}]}}