{"id":26,"date":"2014-03-04T15:50:04","date_gmt":"2014-03-04T15:50:04","guid":{"rendered":"http:\/\/i2.information-innovation.de\/?page_id=26"},"modified":"2018-06-03T13:09:54","modified_gmt":"2018-06-03T13:09:54","slug":"ueber-uns","status":"publish","type":"page","link":"https:\/\/i2.information-innovation.de\/?page_id=26","title":{"rendered":"\u00dcber"},"content":{"rendered":"<p>&nbsp;<\/p>\n<h1><img loading=\"lazy\" decoding=\"async\" class=\"alignright wp-image-212 size-full\" src=\"https:\/\/i2.information-innovation.de\/wp-content\/uploads\/2017\/01\/gulp001_152.jpg\" alt=\"\" width=\"150\" height=\"100\" \/><\/h1>\n<p>Nach meinem Studium der Informatik &amp; Betriebswirtschaftslehre an der Universit\u00e4t Stuttgart, hatte ich die M\u00f6glichkeit, die Theorie in\u00a0industrienahen Forschungsarbeiten am Fraunhofer-Institut f\u00fcr Arbeitswirtschaft &amp; Organisation als\u00a0L\u00f6sungen umzusetzen.<\/p>\n<p>Mein Interesse und meine Neugier an neuen Themen (Objektorientierung, Unternehmensmodellierung, Analyse-<br \/>\nund Designmethoden, &#8230;)\u00a0f\u00fchrten zu meinem Entschluss, ab 01.Mai 1992 freiberuflich t\u00e4tig zu werden.<br \/>\nMittlerweile werde ich durch weitere Mitarbeiter unterst\u00fctzt. \u00dcber\u00a0Kooperationen mit Unternehmen und freien Mitarbeitern k\u00f6nnen Kapazit\u00e4ten und Themeninhalte weiter ausgebaut werden.<\/p>\n<p>Das <strong>Ziel<\/strong> ist, Ihnen die bestm\u00f6gliche Kompetenz f\u00fcr Ihre Probleml\u00f6sung zu bieten und Ihnen mit Kompetenz, Rat und Tat f\u00fcr Ihren maximalen Erfolg zur Seite zu stehen.<\/p>\n","protected":false},"excerpt":{"rendered":"<p>&nbsp; Nach meinem Studium der Informatik &amp; Betriebswirtschaftslehre an der Universit\u00e4t Stuttgart, hatte ich die M\u00f6glichkeit, die Theorie in\u00a0industrienahen Forschungsarbeiten am Fraunhofer-Institut f\u00fcr Arbeitswirtschaft &amp; Organisation als\u00a0L\u00f6sungen umzusetzen. Mein Interesse und meine Neugier an neuen Themen (Objektorientierung, Unternehmensmodellierung, Analyse- und Designmethoden, &#8230;)\u00a0f\u00fchrten zu meinem Entschluss, ab 01.Mai 1992 freiberuflich t\u00e4tig zu werden. Mittlerweile werde ich&#8230;<\/p>\n","protected":false},"author":1,"featured_media":0,"parent":12,"menu_order":0,"comment_status":"open","ping_status":"closed","template":"","meta":{"footnotes":""},"aioseo_notices":[],"jetpack_sharing_enabled":true,"_links":{"self":[{"href":"https:\/\/i2.information-innovation.de\/index.php?rest_route=\/wp\/v2\/pages\/26"}],"collection":[{"href":"https:\/\/i2.information-innovation.de\/index.php?rest_route=\/wp\/v2\/pages"}],"about":[{"href":"https:\/\/i2.information-innovation.de\/index.php?rest_route=\/wp\/v2\/types\/page"}],"author":[{"embeddable":true,"href":"https:\/\/i2.information-innovation.de\/index.php?rest_route=\/wp\/v2\/users\/1"}],"replies":[{"embeddable":true,"href":"https:\/\/i2.information-innovation.de\/index.php?rest_route=%2Fwp%2Fv2%2Fcomments&post=26"}],"version-history":[{"count":14,"href":"https:\/\/i2.information-innovation.de\/index.php?rest_route=\/wp\/v2\/pages\/26\/revisions"}],"predecessor-version":[{"id":428,"href":"https:\/\/i2.information-innovation.de\/index.php?rest_route=\/wp\/v2\/pages\/26\/revisions\/428"}],"up":[{"embeddable":true,"href":"https:\/\/i2.information-innovation.de\/index.php?rest_route=\/wp\/v2\/pages\/12"}],"wp:attachment":[{"href":"https:\/\/i2.information-innovation.de\/index.php?rest_route=%2Fwp%2Fv2%2Fmedia&parent=26"}],"curies":[{"name":"wp","href":"https:\/\/api.w.org\/{rel}","templated":true}]}}