{"id":295,"date":"2017-01-29T12:20:41","date_gmt":"2017-01-29T12:20:41","guid":{"rendered":"http:\/\/i2.information-innovation.de\/?page_id=295"},"modified":"2018-06-03T12:59:46","modified_gmt":"2018-06-03T12:59:46","slug":"forschung","status":"publish","type":"page","link":"https:\/\/i2.information-innovation.de\/?page_id=295","title":{"rendered":"Forschung"},"content":{"rendered":"<p><img loading=\"lazy\" decoding=\"async\" class=\"alignright wp-image-203 size-full\" src=\"https:\/\/i2.information-innovation.de\/wp-content\/uploads\/2017\/01\/research001_152.jpg\" alt=\"\" width=\"150\" height=\"100\" \/>Aufgrund der Erfahrungen, die ich in den vergangenen Jahren gewinnen konnte, ergeben sich Themen, die aus meiner Sicht derzeit nur unzureichend methodisch und softwaretechnisch unterst\u00fctzt werden.<br \/>\nDaher bilden auch Forschungsthemen einen Bereich meiner Arbeit.<br \/>\nSoweit es mir m\u00f6glich ist, werde ich Teile dieser Vorhaben hier ver\u00f6ffentlichen, so da\u00df sich vielleicht eine anregende Diskussion ergibt, um die Ziele der Verwirklichung n\u00e4her zu bringen (oder auch, um Ideen zu verwerfen).<\/p>\n<table style=\"height: 558px;\" width=\"739\">\n<tbody>\n<tr>\n<td width=\"129\">\n<p style=\"text-align: left;\"><strong>Arbeitstitel\u00a0\u00a0<\/strong><\/p>\n<\/td>\n<td width=\"461\">\n<p style=\"text-align: left;\"><strong>Inhalte und Ziele<\/strong><\/p>\n<\/td>\n<\/tr>\n<tr>\n<td width=\"129\"><strong>IRAS<\/strong><\/td>\n<td width=\"461\">= Integrated Requirements Analysis System.<\/p>\n<p>Ziel ist die Schaffung einer Methode und eines Werkzeugs, um einen durchg\u00e4ngigen Proze\u00df von der Requirements-Analyse (mit Hilfe eines\u00a0<strong>R<\/strong>equirements<strong>A<\/strong>nalysis<strong>B<\/strong>rowser &#8211; RAB) bis zum Objekt-Modell (mit Hilfe eines\u00a0<strong>R<\/strong>equirements<strong>O<\/strong>bject<strong>B<\/strong>rowser &#8211; ROB) zu schaffen.<\/td>\n<\/tr>\n<tr>\n<td width=\"129\"><strong>VPMBeans\/VIPD\u00a0<\/strong><\/p>\n<p><strong>\u00a0<\/strong><\/td>\n<td width=\"461\">= VirtualProcessManagementBeans\/VirtualIntegratedProcessDatabase.<\/p>\n<p>Ziel ist die Workflow-Modellierung und Generierung von Planungsprozessen, die anhand von Business Patterns beschrieben werden. Die Teilprozesse werden \u00fcber QFD-Ans\u00e4tze miteinander verkn\u00fcpft und kommunizieren \u00fcber integrierte Prozess-Datenbanken.<\/td>\n<\/tr>\n<tr>\n<td width=\"129\"><strong>KLK<\/strong><\/td>\n<td width=\"461\">= Kommunikationslandkarte.<\/p>\n<p>Ziel ist eine QFD-Erweiterung, um Quellen und Senken einer Informationsinfrastruktur zu beschreiben und Trigger zu definieren, die beim Auftreten eines Ereignisses eine bestimmte Aktion ausl\u00f6sen.<\/td>\n<\/tr>\n<\/tbody>\n<\/table>\n","protected":false},"excerpt":{"rendered":"<p>Aufgrund der Erfahrungen, die ich in den vergangenen Jahren gewinnen konnte, ergeben sich Themen, die aus meiner Sicht derzeit nur unzureichend methodisch und softwaretechnisch unterst\u00fctzt werden. Daher bilden auch Forschungsthemen einen Bereich meiner Arbeit. Soweit es mir m\u00f6glich ist, werde ich Teile dieser Vorhaben hier ver\u00f6ffentlichen, so da\u00df sich vielleicht eine anregende Diskussion ergibt, um&#8230;<\/p>\n","protected":false},"author":1,"featured_media":0,"parent":0,"menu_order":0,"comment_status":"closed","ping_status":"closed","template":"","meta":{"footnotes":""},"aioseo_notices":[],"jetpack_sharing_enabled":true,"_links":{"self":[{"href":"https:\/\/i2.information-innovation.de\/index.php?rest_route=\/wp\/v2\/pages\/295"}],"collection":[{"href":"https:\/\/i2.information-innovation.de\/index.php?rest_route=\/wp\/v2\/pages"}],"about":[{"href":"https:\/\/i2.information-innovation.de\/index.php?rest_route=\/wp\/v2\/types\/page"}],"author":[{"embeddable":true,"href":"https:\/\/i2.information-innovation.de\/index.php?rest_route=\/wp\/v2\/users\/1"}],"replies":[{"embeddable":true,"href":"https:\/\/i2.information-innovation.de\/index.php?rest_route=%2Fwp%2Fv2%2Fcomments&post=295"}],"version-history":[{"count":4,"href":"https:\/\/i2.information-innovation.de\/index.php?rest_route=\/wp\/v2\/pages\/295\/revisions"}],"predecessor-version":[{"id":416,"href":"https:\/\/i2.information-innovation.de\/index.php?rest_route=\/wp\/v2\/pages\/295\/revisions\/416"}],"wp:attachment":[{"href":"https:\/\/i2.information-innovation.de\/index.php?rest_route=%2Fwp%2Fv2%2Fmedia&parent=295"}],"curies":[{"name":"wp","href":"https:\/\/api.w.org\/{rel}","templated":true}]}}