{"id":297,"date":"2017-01-29T12:24:27","date_gmt":"2017-01-29T12:24:27","guid":{"rendered":"http:\/\/i2.information-innovation.de\/?page_id=297"},"modified":"2018-06-03T13:04:04","modified_gmt":"2018-06-03T13:04:04","slug":"produktion-digitale-fabrik","status":"publish","type":"page","link":"https:\/\/i2.information-innovation.de\/?page_id=297","title":{"rendered":"Produktion &#038; Digitale Fabrik"},"content":{"rendered":"<p><img loading=\"lazy\" decoding=\"async\" class=\"alignright wp-image-204 size-full\" src=\"https:\/\/i2.information-innovation.de\/wp-content\/uploads\/2017\/01\/dpe_152.jpg\" alt=\"\" width=\"150\" height=\"100\" \/>Die Planung von Produkt-, Proze\u00df- und Ressourcen-Komponenten innerhalb eines Unternehmens zu gestalten, zu optimieren und deren Zusammenspiel zu verwalten, wird durch die\u00a0<b>digitale Fabrik<\/b>\u00a0und den PPR-Hub realisiert.<br \/>\nEinen Schwerpunkt der Darstellung bildet das Softwaresystem DELMIA Process Engineer (DPE), das in vielen Unternehmen als Standardwerkzeug f\u00fcr die digitale Fabrik zum Einsatz kommt.<\/p>\n<h1 style=\"padding-left: 30px;\">DPE REPORTING<\/h1>\n<p style=\"padding-left: 30px;\">F\u00fcr das Reporting ergeben sich verschiedene M\u00f6glichkeiten, die sich durch Leistungsverm\u00f6gen und Vor- und Nachteile unterscheiden.<\/p>\n<p style=\"padding-left: 30px;\">Das nachfolgende Dokument zeigt einen vergleichenden \u00dcberblick der Alternativen.<\/p>\n<p style=\"padding-left: 30px;\"><iframe src=\"\/\/docs.google.com\/viewer?url=https%3A%2F%2Fi2.information-innovation.de%2Fwp-content%2Fuploads%2F2017%2F01%2FSzenarien-DPE-Reporting.pdf&hl=de&embedded=true\" class=\"gde-frame\" style=\"width:100%; height:500px; border: none;\" scrolling=\"no\"><\/iframe>\n<p class=\"gde-text\"><a href=\"https:\/\/i2.information-innovation.de\/wp-content\/uploads\/2017\/01\/Szenarien-DPE-Reporting.pdf\" class=\"gde-link\">Download (PDF, 167KB)<\/a><\/p><\/p>\n<h1 style=\"padding-left: 30px;\">DPE BI L\u00d6SUNG<\/h1>\n<p style=\"padding-left: 30px;\">Einen typischen Anwendungsfall f\u00fcr DPE Erweiterungen bildet der Datenexport bestehender Planungsdaten in verschiedensten Formaten (z.B. CSV, XML). Diese Daten bilden die Grundlage f\u00fcr das Berichtswesen und k\u00f6nnen als Schnittstellen zur Bedienung von Drittsystemen Verwendung finden.<\/p>\n<p style=\"padding-left: 30px;\">Um die Vielzahl zu erstellender Exporte zu reduzieren und zur Vereinfachung von Pflege und Wartung bietet sich ein generischer L\u00f6sungsansatz an, der sich unter der Bezeichnung\u00a0<b>Genex<\/b>\u00a0bereits mehrfach im produktiven Einsatz befindet.<\/p>\n<p style=\"padding-left: 30px;\">Eine Kurzdarstellung der M\u00f6glichkeiten und Eigenschaften der umgesetzten L\u00f6sung findet sich im nachfolgend bereitgestellten Dokument.<\/p>\n<p style=\"padding-left: 30px;\"><iframe src=\"\/\/docs.google.com\/viewer?url=https%3A%2F%2Fi2.information-innovation.de%2Fwp-content%2Fuploads%2F2017%2F01%2FGenex.pdf&hl=de&embedded=true\" class=\"gde-frame\" style=\"width:100%; height:500px; border: none;\" scrolling=\"no\"><\/iframe>\n<p class=\"gde-text\"><a href=\"https:\/\/i2.information-innovation.de\/wp-content\/uploads\/2017\/01\/Genex.pdf\" class=\"gde-link\">Download (PDF, 292KB)<\/a><\/p><\/p>\n","protected":false},"excerpt":{"rendered":"<p>Die Planung von Produkt-, Proze\u00df- und Ressourcen-Komponenten innerhalb eines Unternehmens zu gestalten, zu optimieren und deren Zusammenspiel zu verwalten, wird durch die\u00a0digitale Fabrik\u00a0und den PPR-Hub realisiert. Einen Schwerpunkt der Darstellung bildet das Softwaresystem DELMIA Process Engineer (DPE), das in vielen Unternehmen als Standardwerkzeug f\u00fcr die digitale Fabrik zum Einsatz kommt. DPE REPORTING F\u00fcr das Reporting&#8230;<\/p>\n","protected":false},"author":1,"featured_media":0,"parent":0,"menu_order":0,"comment_status":"closed","ping_status":"closed","template":"","meta":{"footnotes":""},"aioseo_notices":[],"jetpack_sharing_enabled":true,"_links":{"self":[{"href":"https:\/\/i2.information-innovation.de\/index.php?rest_route=\/wp\/v2\/pages\/297"}],"collection":[{"href":"https:\/\/i2.information-innovation.de\/index.php?rest_route=\/wp\/v2\/pages"}],"about":[{"href":"https:\/\/i2.information-innovation.de\/index.php?rest_route=\/wp\/v2\/types\/page"}],"author":[{"embeddable":true,"href":"https:\/\/i2.information-innovation.de\/index.php?rest_route=\/wp\/v2\/users\/1"}],"replies":[{"embeddable":true,"href":"https:\/\/i2.information-innovation.de\/index.php?rest_route=%2Fwp%2Fv2%2Fcomments&post=297"}],"version-history":[{"count":8,"href":"https:\/\/i2.information-innovation.de\/index.php?rest_route=\/wp\/v2\/pages\/297\/revisions"}],"predecessor-version":[{"id":424,"href":"https:\/\/i2.information-innovation.de\/index.php?rest_route=\/wp\/v2\/pages\/297\/revisions\/424"}],"wp:attachment":[{"href":"https:\/\/i2.information-innovation.de\/index.php?rest_route=%2Fwp%2Fv2%2Fmedia&parent=297"}],"curies":[{"name":"wp","href":"https:\/\/api.w.org\/{rel}","templated":true}]}}