{"id":390,"date":"2018-06-02T09:13:00","date_gmt":"2018-06-02T09:13:00","guid":{"rendered":"http:\/\/i2.information-innovation.de\/?page_id=390"},"modified":"2024-05-17T13:05:13","modified_gmt":"2024-05-17T13:05:13","slug":"datenschutzerklaerung","status":"publish","type":"page","link":"https:\/\/i2.information-innovation.de\/?page_id=390","title":{"rendered":"Datenschutzerkl\u00e4rung"},"content":{"rendered":"<h1>Datenschutz<\/h1>\n<p>Die Nutzung unserer Webseite ist in der Regel ohne Angabe personenbezogener Daten m\u00f6glich. Soweit auf unseren Seiten personenbezogene Daten (beispielsweise Name, Anschrift oder eMail-Adressen) erhoben werden, erfolgt dies, soweit m\u00f6glich, stets auf freiwilliger Basis. Diese Daten werden ohne Ihre ausdr\u00fcckliche Zustimmung nicht an Dritte weitergegeben.<\/p>\n<p>Informationen zum Anbieter finden Sie im\u00a0<a href=\"https:\/\/i2.information-innovation.de\/?page_id=14\">Impressum.<\/a><\/p>\n<p>Wir weisen darauf hin, dass die Daten\u00fcbertragung im Internet (z.B. bei der Kommunikation per E-Mail) Sicherheitsl\u00fccken aufweisen kann. Ein l\u00fcckenloser Schutz der Daten vor dem Zugriff durch Dritte ist nicht m\u00f6glich.<\/p>\n<p>Der Nutzung von im Rahmen der Impressumspflicht ver\u00f6ffentlichten Kontaktdaten durch Dritte zur \u00dcbersendung von nicht ausdr\u00fccklich angeforderter Werbung und Informationsmaterialien wird hiermit ausdr\u00fccklich widersprochen. Die Betreiber der Seiten behalten sich ausdr\u00fccklich rechtliche Schritte im Falle der unverlangten Zusendung von Werbeinformationen, etwa durch Spam-Mails, vor.<\/p>\n<h1>Auskunftsrecht<\/h1>\n<p>Sie haben jederzeit das Recht auf Auskunft \u00fcber die bez\u00fcglich Ihrer Person gespeicherten Daten, deren Herkunft und Empf\u00e4nger sowie den Zweck der Speicherung. Auskunft \u00fcber die gespeicherten Daten gibt der Datenschutzbeauftragte. Ihr Vertrauen ist uns wichtig. Daher m\u00f6chten wir Ihnen jederzeit Rede und Antwort bez\u00fcglich der Verarbeitung Ihrer personenbezogenen Daten stehen. Wenn Sie Fragen haben, die Ihnen diese Datenschutzerkl\u00e4rung nicht beantworten konnte oder wenn Sie zu einem Punkt vertiefte Informationen w\u00fcnschen, wenden Sie sich bitte jederzeit an uns. Die Kontaktm\u00f6glichkeiten finden sie im Impressum oder direkt via Kontakt-Formular.<\/p>\n<h1>Cookies<\/h1>\n<p>Die Internetseiten verwenden teilweise so genannte Cookies. Cookies richten auf Ihrem Rechner keinen Schaden an und enthalten keine Viren. Cookies dienen dazu, unser Angebot nutzerfreundlicher, effektiver und sicherer zu machen. Cookies sind kleine Textdateien, die auf Ihrem Rechner abgelegt werden und die Ihr Browser speichert.<\/p>\n<p>Die meisten der von uns verwendeten Cookies sind so genannte \u201eSession-Cookies\u201c. Sie werden nach Ende Ihres Besuchs automatisch<\/p>\n<p>gel\u00f6scht. Andere Cookies bleiben auf Ihrem Endger\u00e4t gespeichert, bis Sie diese l\u00f6schen. Diese Cookies erm\u00f6glichen es uns, Ihren Browser beim n\u00e4chsten Besuch wiederzuerkennen.<\/p>\n<p>Sie k\u00f6nnen Ihren Browser so einstellen, dass Sie \u00fcber das Setzen von Cookies informiert werden und Cookies nur im Einzelfall erlauben, die Annahme von Cookies f\u00fcr bestimmte F\u00e4lle oder generell ausschlie\u00dfen sowie das automatische L\u00f6schen der Cookies beim Schlie\u00dfen des Browser aktivieren. Bei der Deaktivierung von Cookies kann die Funktionalit\u00e4t dieser Website eingeschr\u00e4nkt sein.<\/p>\n<h1>Google Webfonts<\/h1>\n<p>Diese Seite verwendet zur Darstellung der Schrift sogenannte Webfonts. Diese werden von Google bereitgestellt (https:\/\/www.google.com\/webfonts\/). Dazu l\u00e4dt beim aufrufen unserer Seite ihr Browser die ben\u00f6tigte Webfont in ihren Browsercache. Dies ist notwendig damit auch ihr Browser eine optisch verbesserte Darstellung unserer Texte anzeigen kann. Wenn ihr Browser diese Funktion nicht unterst\u00fctzt, wird eine Standardschrift von ihrem Computer zur Anzeige genutzt.<\/p>\n<p>Weitergehende Informationen zu Google Webfonts finden sie unter <a href=\"https:\/\/developers.google.com\/fonts\/faq?hl=de-DE&amp;csw=1\">https:\/\/developers.google.com\/fonts\/faq?hl=de-DE&amp;csw=1 <\/a><\/p>\n<p>Allgemeine Informationen zum Thema Datenschutz bei Google finden sie unter <a href=\"https:\/\/www.google.com\/intl\/de-DE\/policies\/privacy\/\">https:\/\/www.google.com\/intl\/de-DE\/policies\/privacy\/<\/a><\/p>\n<h1>Server-Log-Files<\/h1>\n<p>Der Provider der Seiten erhebt und speichert automatisch Informationen in so genannten Server-Log Files, die Ihr Browser automatisch an uns \u00fcbermittelt. Dies sind:<\/p>\n<ul>\n<li>Browsertyp und Browserversion<\/li>\n<li>verwendetes Betriebssystem<\/li>\n<li>Referrer URL<\/li>\n<li>Hostname des zugreifenden Rechners<\/li>\n<li>Uhrzeit der Serveranfrage<\/li>\n<\/ul>\n<p>Diese Daten sind nicht bestimmten Personen zuordenbar. Eine Zusammenf\u00fchrung dieser Daten mit anderen Datenquellen wird nicht vorgenommen. Wir behalten uns vor, diese Daten nachtr\u00e4glich zu pr\u00fcfen, wenn uns konkrete Anhaltspunkte f\u00fcr eine rechtswidrige Nutzung bekannt werden.<\/p>\n<h1>Datenverarbeitung Ihrer Daten \u00fcber das Kontaktformular<\/h1>\n<p>Uns ist es ein wichtiges Anliegen, Ihre Daten zu sch\u00fctzen. Mit Ihren angegeben Daten auf unserem Kontaktformular, wie Name, Adresse, E-Mail, Telefon- und Faxnummer gehen wir sehr sorgf\u00e4ltig um. Ihre Daten werden bei uns nach den Richtlinien des deutschen Datenschutzgesetzes gespeichert, verarbeitet und verwertet. Aktuell handelt es sich dabei um das Bundesdatenschutzgesetz (BDSG), das TDDDG und auch das Telekommunikationsgesetz (TKG). Die Speicherung Ihrer Daten kann zum Beispiel notwendig sein, um Ihnen ein Angebot zu zusenden, Informationen zukommen zu lassen oder eine Kontaktaufnahme unsererseits zu erm\u00f6glichen. Wir \u00a0nutzen diese Daten ausschlie\u00dflich, um schnellstm\u00f6glich eine Abwicklung Ihrer Anfrage zu t\u00e4tigen.<\/p>\n","protected":false},"excerpt":{"rendered":"<p>Datenschutz Die Nutzung unserer Webseite ist in der Regel ohne Angabe personenbezogener Daten m\u00f6glich. Soweit auf unseren Seiten personenbezogene Daten (beispielsweise Name, Anschrift oder eMail-Adressen) erhoben werden, erfolgt dies, soweit m\u00f6glich, stets auf freiwilliger Basis. Diese Daten werden ohne Ihre ausdr\u00fcckliche Zustimmung nicht an Dritte weitergegeben. Informationen zum Anbieter finden Sie im\u00a0Impressum. Wir weisen darauf&#8230;<\/p>\n","protected":false},"author":1,"featured_media":0,"parent":0,"menu_order":0,"comment_status":"closed","ping_status":"closed","template":"","meta":{"footnotes":""},"aioseo_notices":[],"jetpack_sharing_enabled":true,"_links":{"self":[{"href":"https:\/\/i2.information-innovation.de\/index.php?rest_route=\/wp\/v2\/pages\/390"}],"collection":[{"href":"https:\/\/i2.information-innovation.de\/index.php?rest_route=\/wp\/v2\/pages"}],"about":[{"href":"https:\/\/i2.information-innovation.de\/index.php?rest_route=\/wp\/v2\/types\/page"}],"author":[{"embeddable":true,"href":"https:\/\/i2.information-innovation.de\/index.php?rest_route=\/wp\/v2\/users\/1"}],"replies":[{"embeddable":true,"href":"https:\/\/i2.information-innovation.de\/index.php?rest_route=%2Fwp%2Fv2%2Fcomments&post=390"}],"version-history":[{"count":6,"href":"https:\/\/i2.information-innovation.de\/index.php?rest_route=\/wp\/v2\/pages\/390\/revisions"}],"predecessor-version":[{"id":496,"href":"https:\/\/i2.information-innovation.de\/index.php?rest_route=\/wp\/v2\/pages\/390\/revisions\/496"}],"wp:attachment":[{"href":"https:\/\/i2.information-innovation.de\/index.php?rest_route=%2Fwp%2Fv2%2Fmedia&parent=390"}],"curies":[{"name":"wp","href":"https:\/\/api.w.org\/{rel}","templated":true}]}}