{"id":64,"date":"2014-03-04T17:05:56","date_gmt":"2014-03-04T17:05:56","guid":{"rendered":"http:\/\/i2.information-innovation.de\/?page_id=64"},"modified":"2022-06-27T16:26:05","modified_gmt":"2022-06-27T16:26:05","slug":"kurzdarstellung","status":"publish","type":"page","link":"https:\/\/i2.information-innovation.de\/?page_id=64","title":{"rendered":"Auf einen Blick"},"content":{"rendered":"<h2><a href=\"https:\/\/i2.information-innovation.de\/wp-content\/uploads\/2022\/05\/Ingolf-Icon.png\"><img loading=\"lazy\" decoding=\"async\" class=\"wp-image-485  alignright\" src=\"https:\/\/i2.information-innovation.de\/wp-content\/uploads\/2022\/05\/Ingolf-Icon.png\" alt=\"\" width=\"285\" height=\"238\" srcset=\"https:\/\/i2.information-innovation.de\/wp-content\/uploads\/2022\/05\/Ingolf-Icon.png 600w, https:\/\/i2.information-innovation.de\/wp-content\/uploads\/2022\/05\/Ingolf-Icon-300x251.png 300w\" sizes=\"(max-width: 285px) 100vw, 285px\" \/><\/a><\/h2>\n<h2>PERS\u00d6NLICHES<\/h2>\n<ul>\n<li>Jahrgang: 1959<\/li>\n<li>Nationalit\u00e4t: Deutsch<\/li>\n<li>Familienstand: Lebensgef\u00e4hrtin<\/li>\n<\/ul>\n<h2><a name=\"557145a32308b0908\"><\/a>AUSBILDUNG<\/h2>\n<ul>\n<li>1978 Abitur<\/li>\n<li>Oktober 1978 \u2013 September 1980 Zeitsoldat Bundesmarine, Bereich Systemanalyse, Flensburg<\/li>\n<li>Oktober 1980 \u2013 Mai 1988 Studium der Informatik &amp; Betriebswirtschaftslehre, Universit\u00e4t Stuttgart, Abschluss Diplom-Informatiker<\/li>\n<\/ul>\n<h2><a name=\"557145a32308ba40b\"><\/a>WISSENSCHAFTLICHE T\u00c4TIGKEIT<\/h2>\n<ul>\n<li>seit 1981 \u2013 Mai 1988 studentische Hilfskraft Rechenzentrum Institut f\u00fcr Informatik der Universit\u00e4t Stuttgart, wissenschaftliche Hilfskraft FhG-IAO<\/li>\n<li>Juni 1988 \u2013 April 1992 Wissenschaftlicher Mitarbeiter Fraunhofer Institut f\u00fcr Arbeitswirtschaft &amp; Organisation \/ IAT, Stuttgart. Forschungsthemen: CAx- und CIM-Technologien, Software Design und objektorientierte Methoden, Modellbildung und Simulation von Unternehmensprozessen<\/li>\n<\/ul>\n<h2><a name=\"557145a32309afb0d\"><\/a>FREIBERUFLICHE T\u00c4TIGKEIT<\/h2>\n<ul>\n<li>Freiberuflich t\u00e4tig seit <strong>1992<\/strong><\/li>\n<li>Projekterfahren und umfangreiche Methodenkenntnisse<\/li>\n<li>Fundierte Kenntnisse von Unternehmensabl\u00e4ufen<\/li>\n<li>Selbst\u00e4ndiges und verantwortungsvolles unternehmerisches Denken &amp; Handeln<\/li>\n<li>Soziale Kompetenz und Teamf\u00e4higkeit gegen\u00fcber internen und externen Kunden<\/li>\n<li>Mai 1992 \u2013 August 1992\n<ul>\n<li><b>Freiberufliche T\u00e4tigkeit als Softwareentwickler\u00a0<\/b><\/li>\n<\/ul>\n<\/li>\n<li>September 1992 \u2013 Juli 1994\n<ul>\n<li><b>Bereichsleitung Promis, gfmt Unternehmensgruppe \/ Promis GmbH, M\u00fcnchen.\u00a0<\/b>Reorganisation Vertrieb und operativer Prozesse, Beratungsdienstleistungen und Softwarel\u00f6sungen f\u00fcr die Bereiche Qualit\u00e4ts- und Produktionsmanagement, Durchf\u00fchrung von kundenspezifischen Workshops und Seminaren, Kommissarische Leitung Promis und F\u00fchrung von festen und freien Mitarbeitern<\/li>\n<\/ul>\n<\/li>\n<li>Seit August 1994\n<ul>\n<li><b>Verschiedenste Industriekunden mit Schwerpunkt Automobilbau, Zulieferunternehmen, Luft- und Raumfahrtindustrie (z.B. Airbus, Audi, BMW, Daimler, INA, Karmann, Porsche, Siemens-VDO, VW) , europaweit.\u00a0<\/b>\n<ul>\n<li>Anforderungsmanagement und Prozessanalysen<\/li>\n<li>Agile Methoden (Scrum, Kanban) f\u00fcr Produktentwicklungsprozesse<\/li>\n<li>Testmanagement<\/li>\n<li>Konzeption &amp; Design von Softwarel\u00f6sungen f\u00fcr Produktionsunternehmen<\/li>\n<li>Projekt- und Teilprojektleitung f\u00fcr Projekte Digitale Fabrik und Schnittstellen<\/li>\n<li>Konzeption, Design &amp; Umsetzung von Workflowkomponenten und funktionale Erweiterungen von PlanungssystemenKonzeption<\/li>\n<li>Design &amp; Umsetzung datenbankgest\u00fctztes Reporting (BI-L\u00f6sung)<\/li>\n<li>Seminare und Workshops in den Themenbereichen Qualit\u00e4tsmanagement und Methodenbausteine<\/li>\n<\/ul>\n<\/li>\n<\/ul>\n<\/li>\n<\/ul>\n<h2><a name=\"557145a32308b950a\"><\/a>FREMDSPRACHEN<\/h2>\n<ul>\n<li>Englisch verhandlungssicher<\/li>\n<li>Franz\u00f6sisch erweiterte Schulkenntnisse<\/li>\n<\/ul>\n<h2><a name=\"557145a32308cd30c\"><\/a>MITGLIEDSCHAFTEN<\/h2>\n<ul>\n<li>seit 1983 Gesellschaft f\u00fcr Informatik e.V.<\/li>\n<li>seit 1995 QFD Institut Deutschland e.V.<\/li>\n<\/ul>\n","protected":false},"excerpt":{"rendered":"<p>PERS\u00d6NLICHES Jahrgang: 1959 Nationalit\u00e4t: Deutsch Familienstand: Lebensgef\u00e4hrtin AUSBILDUNG 1978 Abitur Oktober 1978 \u2013 September 1980 Zeitsoldat Bundesmarine, Bereich Systemanalyse, Flensburg Oktober 1980 \u2013 Mai 1988 Studium der Informatik &amp; Betriebswirtschaftslehre, Universit\u00e4t Stuttgart, Abschluss Diplom-Informatiker WISSENSCHAFTLICHE T\u00c4TIGKEIT seit 1981 \u2013 Mai 1988 studentische Hilfskraft Rechenzentrum Institut f\u00fcr Informatik der Universit\u00e4t Stuttgart, wissenschaftliche Hilfskraft FhG-IAO Juni 1988&#8230;<\/p>\n","protected":false},"author":1,"featured_media":0,"parent":12,"menu_order":0,"comment_status":"open","ping_status":"open","template":"","meta":{"footnotes":""},"aioseo_notices":[],"jetpack_sharing_enabled":true,"_links":{"self":[{"href":"https:\/\/i2.information-innovation.de\/index.php?rest_route=\/wp\/v2\/pages\/64"}],"collection":[{"href":"https:\/\/i2.information-innovation.de\/index.php?rest_route=\/wp\/v2\/pages"}],"about":[{"href":"https:\/\/i2.information-innovation.de\/index.php?rest_route=\/wp\/v2\/types\/page"}],"author":[{"embeddable":true,"href":"https:\/\/i2.information-innovation.de\/index.php?rest_route=\/wp\/v2\/users\/1"}],"replies":[{"embeddable":true,"href":"https:\/\/i2.information-innovation.de\/index.php?rest_route=%2Fwp%2Fv2%2Fcomments&post=64"}],"version-history":[{"count":12,"href":"https:\/\/i2.information-innovation.de\/index.php?rest_route=\/wp\/v2\/pages\/64\/revisions"}],"predecessor-version":[{"id":493,"href":"https:\/\/i2.information-innovation.de\/index.php?rest_route=\/wp\/v2\/pages\/64\/revisions\/493"}],"up":[{"embeddable":true,"href":"https:\/\/i2.information-innovation.de\/index.php?rest_route=\/wp\/v2\/pages\/12"}],"wp:attachment":[{"href":"https:\/\/i2.information-innovation.de\/index.php?rest_route=%2Fwp%2Fv2%2Fmedia&parent=64"}],"curies":[{"name":"wp","href":"https:\/\/api.w.org\/{rel}","templated":true}]}}